{"id":1169,"date":"2020-11-19T17:30:03","date_gmt":"2020-11-19T17:30:03","guid":{"rendered":"https:\/\/superoxide-dismutase.eu\/?page_id=1169"},"modified":"2020-11-19T17:37:48","modified_gmt":"2020-11-19T17:37:48","slug":"press-releases","status":"publish","type":"page","link":"https:\/\/superoxide-dismutase.eu\/de\/pressemeldungen\/","title":{"rendered":"Pressemeldungen"},"content":{"rendered":"<div data-elementor-type=\"wp-page\" data-elementor-id=\"1169\" class=\"elementor elementor-1169\" data-elementor-post-type=\"page\">\n\t\t\t\t\t\t<section class=\"elementor-section elementor-top-section elementor-element elementor-element-4716ac9 elementor-section-boxed elementor-section-height-default elementor-section-height-default\" data-id=\"4716ac9\" data-element_type=\"section\" data-e-type=\"section\">\n\t\t\t\t\t\t<div class=\"elementor-container elementor-column-gap-default\">\n\t\t\t\t\t<div class=\"elementor-column elementor-col-100 elementor-top-column elementor-element elementor-element-2fc092c\" data-id=\"2fc092c\" data-element_type=\"column\" data-e-type=\"column\">\n\t\t\t<div class=\"elementor-widget-wrap elementor-element-populated\">\n\t\t\t\t\t\t<div class=\"elementor-element elementor-element-1145fff elementor-widget elementor-widget-spacer\" data-id=\"1145fff\" data-element_type=\"widget\" data-e-type=\"widget\" data-widget_type=\"spacer.default\">\n\t\t\t\t<div class=\"elementor-widget-container\">\n\t\t\t\t\t\t\t<div class=\"elementor-spacer\">\n\t\t\t<div class=\"elementor-spacer-inner\"><\/div>\n\t\t<\/div>\n\t\t\t\t\t\t<\/div>\n\t\t\t\t<\/div>\n\t\t\t\t<div class=\"elementor-element elementor-element-36a0a6b elementor-grid-3 elementor-grid-tablet-2 elementor-grid-mobile-1 elementor-posts--thumbnail-top elementor-posts--show-avatar elementor-card-shadow-yes elementor-posts__hover-gradient elementor-widget elementor-widget-posts\" data-id=\"36a0a6b\" data-element_type=\"widget\" data-e-type=\"widget\" data-settings=\"{&quot;cards_columns&quot;:&quot;3&quot;,&quot;cards_columns_tablet&quot;:&quot;2&quot;,&quot;cards_columns_mobile&quot;:&quot;1&quot;,&quot;cards_row_gap&quot;:{&quot;unit&quot;:&quot;px&quot;,&quot;size&quot;:35,&quot;sizes&quot;:[]},&quot;cards_row_gap_tablet&quot;:{&quot;unit&quot;:&quot;px&quot;,&quot;size&quot;:&quot;&quot;,&quot;sizes&quot;:[]},&quot;cards_row_gap_mobile&quot;:{&quot;unit&quot;:&quot;px&quot;,&quot;size&quot;:&quot;&quot;,&quot;sizes&quot;:[]}}\" data-widget_type=\"posts.cards\">\n\t\t\t\t<div class=\"elementor-widget-container\">\n\t\t\t\t\t\t\t<div class=\"elementor-posts-container elementor-posts elementor-posts--skin-cards elementor-grid\" role=\"list\">\n\t\t\t\t<article class=\"elementor-post elementor-grid-item post-21 post type-post status-publish format-standard has-post-thumbnail hentry category-sod tag-superoxide-dismutases\" role=\"listitem\">\n\t\t\t<div class=\"elementor-post__card\">\n\t\t\t\t<a class=\"elementor-post__thumbnail__link\" href=\"https:\/\/superoxide-dismutase.eu\/de\/superox-d-auswirkungen-auf-das-darmepithelmodell\/\" tabindex=\"-1\" ><div class=\"elementor-post__thumbnail\"><img fetchpriority=\"high\" decoding=\"async\" width=\"300\" height=\"183\" src=\"https:\/\/superoxide-dismutase.eu\/wp-content\/uploads\/SOD-Superoxide-dismutase-115-300x183.png\" class=\"attachment-medium size-medium wp-image-1504\" alt=\"\" srcset=\"https:\/\/superoxide-dismutase.eu\/wp-content\/uploads\/SOD-Superoxide-dismutase-115-300x183.png 300w, https:\/\/superoxide-dismutase.eu\/wp-content\/uploads\/SOD-Superoxide-dismutase-115-16x10.png 16w, https:\/\/superoxide-dismutase.eu\/wp-content\/uploads\/SOD-Superoxide-dismutase-115.png 535w\" sizes=\"(max-width: 300px) 100vw, 300px\" \/><\/div><\/a>\n\t\t\t\t<div class=\"elementor-post__badge\">SOD<\/div>\n\t\t\t\t<div class=\"elementor-post__avatar\">\n\t\t\t<img alt='wouter' src='https:\/\/secure.gravatar.com\/avatar\/98b5fb7369ca7a8be26c2c1c4c52e38bbd5e8250441f68cae006ccd9da2c37f8?s=128&#038;d=mm&#038;r=g' srcset='https:\/\/secure.gravatar.com\/avatar\/98b5fb7369ca7a8be26c2c1c4c52e38bbd5e8250441f68cae006ccd9da2c37f8?s=256&#038;d=mm&#038;r=g 2x' class='avatar avatar-128 photo' height='128' width='128' \/>\t\t<\/div>\n\t\t\t\t<div class=\"elementor-post__text\">\n\t\t\t\t<h3 class=\"elementor-post__title\">\n\t\t\t<a href=\"https:\/\/superoxide-dismutase.eu\/de\/superox-d-auswirkungen-auf-das-darmepithelmodell\/\" >\n\t\t\t\tSuperox-D: Auswirkungen auf das Darmepithelmodell\t\t\t<\/a>\n\t\t<\/h3>\n\t\t\t\t<div class=\"elementor-post__excerpt\">\n\t\t\t<p>Superox-D wurde auf seine F\u00e4higkeit getestet, aufgenommen zu werden und auf intestinaler Ebene Schutz zu bieten. Es wurde ein menschliches Darmmodell der enterozyten\u00e4hnlichen Zelle Caco-2 ausgew\u00e4hlt, die h\u00e4ufig als Modell der intestinalen Epithelbarriere verwendet wird.<\/p>\n\t\t<\/div>\n\t\t\n\t\t<a class=\"elementor-post__read-more\" href=\"https:\/\/superoxide-dismutase.eu\/de\/superox-d-auswirkungen-auf-das-darmepithelmodell\/\" aria-label=\"Mehr \u00fcber Superox-D: effects on intestine epithelium model\" tabindex=\"-1\" >\n\t\t\tMehr lesen \"\t\t<\/a>\n\n\t\t\t\t<\/div>\n\t\t\t\t\t<\/div>\n\t\t<\/article>\n\t\t\t\t<article class=\"elementor-post elementor-grid-item post-18 post type-post status-publish format-standard has-post-thumbnail hentry category-news\" role=\"listitem\">\n\t\t\t<div class=\"elementor-post__card\">\n\t\t\t\t<a class=\"elementor-post__thumbnail__link\" href=\"https:\/\/superoxide-dismutase.eu\/de\/dpph-methode\/\" tabindex=\"-1\" ><div class=\"elementor-post__thumbnail\"><img decoding=\"async\" width=\"300\" height=\"200\" src=\"https:\/\/superoxide-dismutase.eu\/wp-content\/uploads\/SOD-Superoxide-dismutase-105-300x200.jpg\" class=\"attachment-medium size-medium wp-image-1494\" alt=\"\" srcset=\"https:\/\/superoxide-dismutase.eu\/wp-content\/uploads\/SOD-Superoxide-dismutase-105-300x200.jpg 300w, https:\/\/superoxide-dismutase.eu\/wp-content\/uploads\/SOD-Superoxide-dismutase-105-1024x683.jpg 1024w, https:\/\/superoxide-dismutase.eu\/wp-content\/uploads\/SOD-Superoxide-dismutase-105-768x512.jpg 768w, https:\/\/superoxide-dismutase.eu\/wp-content\/uploads\/SOD-Superoxide-dismutase-105-1536x1024.jpg 1536w, https:\/\/superoxide-dismutase.eu\/wp-content\/uploads\/SOD-Superoxide-dismutase-105-16x12.jpg 16w, https:\/\/superoxide-dismutase.eu\/wp-content\/uploads\/SOD-Superoxide-dismutase-105.jpg 1920w\" sizes=\"(max-width: 300px) 100vw, 300px\" \/><\/div><\/a>\n\t\t\t\t<div class=\"elementor-post__badge\">Nachrichten<\/div>\n\t\t\t\t<div class=\"elementor-post__avatar\">\n\t\t\t<img alt='wouter' src='https:\/\/secure.gravatar.com\/avatar\/98b5fb7369ca7a8be26c2c1c4c52e38bbd5e8250441f68cae006ccd9da2c37f8?s=128&#038;d=mm&#038;r=g' srcset='https:\/\/secure.gravatar.com\/avatar\/98b5fb7369ca7a8be26c2c1c4c52e38bbd5e8250441f68cae006ccd9da2c37f8?s=256&#038;d=mm&#038;r=g 2x' class='avatar avatar-128 photo' height='128' width='128' \/>\t\t<\/div>\n\t\t\t\t<div class=\"elementor-post__text\">\n\t\t\t\t<h3 class=\"elementor-post__title\">\n\t\t\t<a href=\"https:\/\/superoxide-dismutase.eu\/de\/dpph-methode\/\" >\n\t\t\t\tDPPH-Methode\t\t\t<\/a>\n\t\t<\/h3>\n\t\t\t\t<div class=\"elementor-post__excerpt\">\n\t\t\t<p>ZELLSCH\u00c4DEN UND ROS Zellsch\u00e4den werden durch reaktive Sauerstoffspezies (ROS) induziert. ROS sind freie Radikale, reaktive Anionen mit Sauerstoffatomen oder sauerstoffhaltige Molek\u00fcle, die in der Lage sind, freie Radikale zu erzeugen. Einige Beispiele sind Hydroxylradikale, Superoxide und Wasserstoffperoxid. Haupt<\/p>\n\t\t<\/div>\n\t\t\n\t\t<a class=\"elementor-post__read-more\" href=\"https:\/\/superoxide-dismutase.eu\/de\/dpph-methode\/\" aria-label=\"Mehr \u00fcber DPPH Method\" tabindex=\"-1\" >\n\t\t\tMehr lesen \"\t\t<\/a>\n\n\t\t\t\t<\/div>\n\t\t\t\t\t<\/div>\n\t\t<\/article>\n\t\t\t\t<article class=\"elementor-post elementor-grid-item post-16 post type-post status-publish format-standard has-post-thumbnail hentry category-sod tag-superoxide-dismutases\" role=\"listitem\">\n\t\t\t<div class=\"elementor-post__card\">\n\t\t\t\t<a class=\"elementor-post__thumbnail__link\" href=\"https:\/\/superoxide-dismutase.eu\/de\/fakten-uber-superoxid-dismutasen-redox-signalisierung\/\" tabindex=\"-1\" ><div class=\"elementor-post__thumbnail\"><img decoding=\"async\" width=\"300\" height=\"209\" src=\"https:\/\/superoxide-dismutase.eu\/wp-content\/uploads\/ENZYMATIC-INACTIVATION-OF-THE-SUPEROXIDE.png\" class=\"attachment-medium size-medium wp-image-1540\" alt=\"\" srcset=\"https:\/\/superoxide-dismutase.eu\/wp-content\/uploads\/ENZYMATIC-INACTIVATION-OF-THE-SUPEROXIDE.png 300w, https:\/\/superoxide-dismutase.eu\/wp-content\/uploads\/ENZYMATIC-INACTIVATION-OF-THE-SUPEROXIDE-16x12.png 16w\" sizes=\"(max-width: 300px) 100vw, 300px\" \/><\/div><\/a>\n\t\t\t\t<div class=\"elementor-post__badge\">SOD<\/div>\n\t\t\t\t<div class=\"elementor-post__avatar\">\n\t\t\t<img alt='wouter' src='https:\/\/secure.gravatar.com\/avatar\/98b5fb7369ca7a8be26c2c1c4c52e38bbd5e8250441f68cae006ccd9da2c37f8?s=128&#038;d=mm&#038;r=g' srcset='https:\/\/secure.gravatar.com\/avatar\/98b5fb7369ca7a8be26c2c1c4c52e38bbd5e8250441f68cae006ccd9da2c37f8?s=256&#038;d=mm&#038;r=g 2x' class='avatar avatar-128 photo' height='128' width='128' \/>\t\t<\/div>\n\t\t\t\t<div class=\"elementor-post__text\">\n\t\t\t\t<h3 class=\"elementor-post__title\">\n\t\t\t<a href=\"https:\/\/superoxide-dismutase.eu\/de\/fakten-uber-superoxid-dismutasen-redox-signalisierung\/\" >\n\t\t\t\tFakten \u00fcber Superoxid-Dismutasen: Rolle in der Redox-Signalisierung aufgedeckt\t\t\t<\/a>\n\t\t<\/h3>\n\t\t\t\t<div class=\"elementor-post__excerpt\">\n\t\t\t<p>Fakten \u00fcber Superoxid-Dismutasen: Role In Redox Signaling Revealed Table of ContentsSome Known Facts About Superoxidedismutase.Copper, Zinc Superoxide Dismutase - Proteopedia Things To Know Before You BuyAll About Comparative Analysis Of Seven Types Of Superoxide ... Die SODs stellen die<\/p>\n\t\t<\/div>\n\t\t\n\t\t<a class=\"elementor-post__read-more\" href=\"https:\/\/superoxide-dismutase.eu\/de\/fakten-uber-superoxid-dismutasen-redox-signalisierung\/\" aria-label=\"Mehr \u00fcber Facts About Superoxide Dismutases: Role In Redox Signaling Revealed\" tabindex=\"-1\" >\n\t\t\tMehr lesen \"\t\t<\/a>\n\n\t\t\t\t<\/div>\n\t\t\t\t\t<\/div>\n\t\t<\/article>\n\t\t\t\t<article class=\"elementor-post elementor-grid-item post-14 post type-post status-publish format-standard has-post-thumbnail hentry category-sod\" role=\"listitem\">\n\t\t\t<div class=\"elementor-post__card\">\n\t\t\t\t<a class=\"elementor-post__thumbnail__link\" href=\"https:\/\/superoxide-dismutase.eu\/de\/fakten-uber-superoxid-dismutase\/\" tabindex=\"-1\" ><div class=\"elementor-post__thumbnail\"><img loading=\"lazy\" decoding=\"async\" width=\"300\" height=\"216\" src=\"https:\/\/superoxide-dismutase.eu\/wp-content\/uploads\/SOD-Superoxide-dismutase-110-300x216.png\" class=\"attachment-medium size-medium wp-image-1499\" alt=\"\" srcset=\"https:\/\/superoxide-dismutase.eu\/wp-content\/uploads\/SOD-Superoxide-dismutase-110-300x216.png 300w, https:\/\/superoxide-dismutase.eu\/wp-content\/uploads\/SOD-Superoxide-dismutase-110-16x12.png 16w, https:\/\/superoxide-dismutase.eu\/wp-content\/uploads\/SOD-Superoxide-dismutase-110.png 580w\" sizes=\"(max-width: 300px) 100vw, 300px\" \/><\/div><\/a>\n\t\t\t\t<div class=\"elementor-post__badge\">SOD<\/div>\n\t\t\t\t<div class=\"elementor-post__avatar\">\n\t\t\t<img alt='wouter' src='https:\/\/secure.gravatar.com\/avatar\/98b5fb7369ca7a8be26c2c1c4c52e38bbd5e8250441f68cae006ccd9da2c37f8?s=128&#038;d=mm&#038;r=g' srcset='https:\/\/secure.gravatar.com\/avatar\/98b5fb7369ca7a8be26c2c1c4c52e38bbd5e8250441f68cae006ccd9da2c37f8?s=256&#038;d=mm&#038;r=g 2x' class='avatar avatar-128 photo' height='128' width='128' \/>\t\t<\/div>\n\t\t\t\t<div class=\"elementor-post__text\">\n\t\t\t\t<h3 class=\"elementor-post__title\">\n\t\t\t<a href=\"https:\/\/superoxide-dismutase.eu\/de\/fakten-uber-superoxid-dismutase\/\" >\n\t\t\t\tFakten \u00fcber Superoxid-Dismutase\t\t\t<\/a>\n\t\t<\/h3>\n\t\t\t\t<div class=\"elementor-post__excerpt\">\n\t\t\t<p>Fakten \u00fcber Superoxid-Dismutase (Ransod) - Reagenz - Randox Revealed InhaltsverzeichnisDie Grundlagen des therapeutischen Potenzials von Superoxid-Dismutase Eine unvoreingenommene Betrachtung des therapeutischen Potenzials von Superoxid-DismutaseDie 8-Minuten-Regel f\u00fcr den Superoxid-Dismutase (Sod)-Aktivit\u00e4ts-AssayNicht bekannte Fakten<\/p>\n\t\t<\/div>\n\t\t\n\t\t<a class=\"elementor-post__read-more\" href=\"https:\/\/superoxide-dismutase.eu\/de\/fakten-uber-superoxid-dismutase\/\" aria-label=\"Mehr \u00fcber Facts About Superoxide Dismutase\" tabindex=\"-1\" >\n\t\t\tMehr lesen \"\t\t<\/a>\n\n\t\t\t\t<\/div>\n\t\t\t\t\t<\/div>\n\t\t<\/article>\n\t\t\t\t<\/div>\n\t\t\n\t\t\t\t\t\t<\/div>\n\t\t\t\t<\/div>\n\t\t\t\t\t<\/div>\n\t\t<\/div>\n\t\t\t\t\t<\/div>\n\t\t<\/section>\n\t\t\t\t<\/div>","protected":false},"excerpt":{"rendered":"","protected":false},"author":1,"featured_media":0,"parent":0,"menu_order":0,"comment_status":"closed","ping_status":"closed","template":"","meta":{"site-sidebar-layout":"no-sidebar","site-content-layout":"page-builder","ast-site-content-layout":"default","site-content-style":"default","site-sidebar-style":"default","ast-global-header-display":"","ast-banner-title-visibility":"","ast-main-header-display":"","ast-hfb-above-header-display":"","ast-hfb-below-header-display":"","ast-hfb-mobile-header-display":"","site-post-title":"disabled","ast-breadcrumbs-content":"","ast-featured-img":"disabled","footer-sml-layout":"","ast-disable-related-posts":"","theme-transparent-header-meta":"default","adv-header-id-meta":"","stick-header-meta":"","header-above-stick-meta":"","header-main-stick-meta":"","header-below-stick-meta":"","astra-migrate-meta-layouts":"default","ast-page-background-enabled":"default","ast-page-background-meta":{"desktop":{"background-color":"","background-image":"","background-repeat":"repeat","background-position":"center center","background-size":"auto","background-attachment":"scroll","background-type":"","background-media":"","overlay-type":"","overlay-color":"","overlay-opacity":"","overlay-gradient":""},"tablet":{"background-color":"","background-image":"","background-repeat":"repeat","background-position":"center center","background-size":"auto","background-attachment":"scroll","background-type":"","background-media":"","overlay-type":"","overlay-color":"","overlay-opacity":"","overlay-gradient":""},"mobile":{"background-color":"","background-image":"","background-repeat":"repeat","background-position":"center center","background-size":"auto","background-attachment":"scroll","background-type":"","background-media":"","overlay-type":"","overlay-color":"","overlay-opacity":"","overlay-gradient":""}},"ast-content-background-meta":{"desktop":{"background-color":"var(--ast-global-color-5)","background-image":"","background-repeat":"repeat","background-position":"center center","background-size":"auto","background-attachment":"scroll","background-type":"","background-media":"","overlay-type":"","overlay-color":"","overlay-opacity":"","overlay-gradient":""},"tablet":{"background-color":"var(--ast-global-color-5)","background-image":"","background-repeat":"repeat","background-position":"center center","background-size":"auto","background-attachment":"scroll","background-type":"","background-media":"","overlay-type":"","overlay-color":"","overlay-opacity":"","overlay-gradient":""},"mobile":{"background-color":"var(--ast-global-color-5)","background-image":"","background-repeat":"repeat","background-position":"center center","background-size":"auto","background-attachment":"scroll","background-type":"","background-media":"","overlay-type":"","overlay-color":"","overlay-opacity":"","overlay-gradient":""}},"footnotes":""},"class_list":["post-1169","page","type-page","status-publish","hentry"],"yoast_head":"<!-- This site is optimized with the Yoast SEO plugin v27.3 - https:\/\/yoast.com\/product\/yoast-seo-wordpress\/ -->\n<title>Press Releases - Superoxide Dismutase<\/title>\n<meta name=\"robots\" content=\"index, follow, max-snippet:-1, max-image-preview:large, max-video-preview:-1\" \/>\n<link rel=\"canonical\" href=\"https:\/\/superoxide-dismutase.eu\/de\/pressemeldungen\/\" \/>\n<meta property=\"og:locale\" content=\"de_DE\" \/>\n<meta property=\"og:type\" content=\"article\" \/>\n<meta property=\"og:title\" content=\"Press Releases - Superoxide Dismutase\" \/>\n<meta property=\"og:url\" content=\"https:\/\/superoxide-dismutase.eu\/de\/pressemeldungen\/\" \/>\n<meta property=\"og:site_name\" content=\"Superoxide Dismutase\" \/>\n<meta property=\"article:modified_time\" content=\"2020-11-19T17:37:48+00:00\" \/>\n<meta name=\"twitter:card\" content=\"summary_large_image\" \/>\n<script type=\"application\/ld+json\" class=\"yoast-schema-graph\">{\"@context\":\"https:\\\/\\\/schema.org\",\"@graph\":[{\"@type\":\"WebPage\",\"@id\":\"https:\\\/\\\/superoxide-dismutase.eu\\\/en\\\/press-releases\\\/\",\"url\":\"https:\\\/\\\/superoxide-dismutase.eu\\\/en\\\/press-releases\\\/\",\"name\":\"Press Releases - Superoxide Dismutase\",\"isPartOf\":{\"@id\":\"https:\\\/\\\/superoxide-dismutase.eu\\\/es\\\/#website\"},\"datePublished\":\"2020-11-19T17:30:03+00:00\",\"dateModified\":\"2020-11-19T17:37:48+00:00\",\"breadcrumb\":{\"@id\":\"https:\\\/\\\/superoxide-dismutase.eu\\\/en\\\/press-releases\\\/#breadcrumb\"},\"inLanguage\":\"de\",\"potentialAction\":[{\"@type\":\"ReadAction\",\"target\":[\"https:\\\/\\\/superoxide-dismutase.eu\\\/en\\\/press-releases\\\/\"]}]},{\"@type\":\"BreadcrumbList\",\"@id\":\"https:\\\/\\\/superoxide-dismutase.eu\\\/en\\\/press-releases\\\/#breadcrumb\",\"itemListElement\":[{\"@type\":\"ListItem\",\"position\":1,\"name\":\"Home\",\"item\":\"https:\\\/\\\/superoxide-dismutase.eu\\\/\"},{\"@type\":\"ListItem\",\"position\":2,\"name\":\"Press Releases\"}]},{\"@type\":\"WebSite\",\"@id\":\"https:\\\/\\\/superoxide-dismutase.eu\\\/es\\\/#website\",\"url\":\"https:\\\/\\\/superoxide-dismutase.eu\\\/es\\\/\",\"name\":\"Superoxide Dismutase\",\"description\":\"Bulk Supplier\",\"publisher\":{\"@id\":\"https:\\\/\\\/superoxide-dismutase.eu\\\/es\\\/#organization\"},\"potentialAction\":[{\"@type\":\"SearchAction\",\"target\":{\"@type\":\"EntryPoint\",\"urlTemplate\":\"https:\\\/\\\/superoxide-dismutase.eu\\\/es\\\/?s={search_term_string}\"},\"query-input\":{\"@type\":\"PropertyValueSpecification\",\"valueRequired\":true,\"valueName\":\"search_term_string\"}}],\"inLanguage\":\"de\"},{\"@type\":\"Organization\",\"@id\":\"https:\\\/\\\/superoxide-dismutase.eu\\\/es\\\/#organization\",\"name\":\"Superoxide Dismutase\",\"url\":\"https:\\\/\\\/superoxide-dismutase.eu\\\/es\\\/\",\"logo\":{\"@type\":\"ImageObject\",\"inLanguage\":\"de\",\"@id\":\"https:\\\/\\\/superoxide-dismutase.eu\\\/es\\\/#\\\/schema\\\/logo\\\/image\\\/\",\"url\":\"https:\\\/\\\/superoxide-dismutase.eu\\\/wp-content\\\/uploads\\\/cropped-PhNova-alta-social.jpg\",\"contentUrl\":\"https:\\\/\\\/superoxide-dismutase.eu\\\/wp-content\\\/uploads\\\/cropped-PhNova-alta-social.jpg\",\"width\":945,\"height\":315,\"caption\":\"Superoxide Dismutase\"},\"image\":{\"@id\":\"https:\\\/\\\/superoxide-dismutase.eu\\\/es\\\/#\\\/schema\\\/logo\\\/image\\\/\"}}]}<\/script>\n<!-- \/ Yoast SEO plugin. -->","yoast_head_json":{"title":"Pressemeldungen - Superoxid-Dismutase","robots":{"index":"index","follow":"follow","max-snippet":"max-snippet:-1","max-image-preview":"max-image-preview:large","max-video-preview":"max-video-preview:-1"},"canonical":"https:\/\/superoxide-dismutase.eu\/de\/pressemeldungen\/","og_locale":"de_DE","og_type":"article","og_title":"Press Releases - Superoxide Dismutase","og_url":"https:\/\/superoxide-dismutase.eu\/de\/pressemeldungen\/","og_site_name":"Superoxide Dismutase","article_modified_time":"2020-11-19T17:37:48+00:00","twitter_card":"summary_large_image","schema":{"@context":"https:\/\/schema.org","@graph":[{"@type":"WebPage","@id":"https:\/\/superoxide-dismutase.eu\/en\/press-releases\/","url":"https:\/\/superoxide-dismutase.eu\/en\/press-releases\/","name":"Pressemeldungen - Superoxid-Dismutase","isPartOf":{"@id":"https:\/\/superoxide-dismutase.eu\/es\/#website"},"datePublished":"2020-11-19T17:30:03+00:00","dateModified":"2020-11-19T17:37:48+00:00","breadcrumb":{"@id":"https:\/\/superoxide-dismutase.eu\/en\/press-releases\/#breadcrumb"},"inLanguage":"de","potentialAction":[{"@type":"ReadAction","target":["https:\/\/superoxide-dismutase.eu\/en\/press-releases\/"]}]},{"@type":"BreadcrumbList","@id":"https:\/\/superoxide-dismutase.eu\/en\/press-releases\/#breadcrumb","itemListElement":[{"@type":"ListItem","position":1,"name":"Home","item":"https:\/\/superoxide-dismutase.eu\/"},{"@type":"ListItem","position":2,"name":"Press Releases"}]},{"@type":"WebSite","@id":"https:\/\/superoxide-dismutase.eu\/es\/#website","url":"https:\/\/superoxide-dismutase.eu\/es\/","name":"Superoxid-Dismutase","description":"Bulk Supplier","publisher":{"@id":"https:\/\/superoxide-dismutase.eu\/es\/#organization"},"potentialAction":[{"@type":"SearchAction","target":{"@type":"EntryPoint","urlTemplate":"https:\/\/superoxide-dismutase.eu\/es\/?s={search_term_string}"},"query-input":{"@type":"PropertyValueSpecification","valueRequired":true,"valueName":"search_term_string"}}],"inLanguage":"de"},{"@type":"Organization","@id":"https:\/\/superoxide-dismutase.eu\/es\/#organization","name":"Superoxid-Dismutase","url":"https:\/\/superoxide-dismutase.eu\/es\/","logo":{"@type":"ImageObject","inLanguage":"de","@id":"https:\/\/superoxide-dismutase.eu\/es\/#\/schema\/logo\/image\/","url":"https:\/\/superoxide-dismutase.eu\/wp-content\/uploads\/cropped-PhNova-alta-social.jpg","contentUrl":"https:\/\/superoxide-dismutase.eu\/wp-content\/uploads\/cropped-PhNova-alta-social.jpg","width":945,"height":315,"caption":"Superoxide Dismutase"},"image":{"@id":"https:\/\/superoxide-dismutase.eu\/es\/#\/schema\/logo\/image\/"}}]}},"_links":{"self":[{"href":"https:\/\/superoxide-dismutase.eu\/de\/wp-json\/wp\/v2\/pages\/1169","targetHints":{"allow":["GET"]}}],"collection":[{"href":"https:\/\/superoxide-dismutase.eu\/de\/wp-json\/wp\/v2\/pages"}],"about":[{"href":"https:\/\/superoxide-dismutase.eu\/de\/wp-json\/wp\/v2\/types\/page"}],"author":[{"embeddable":true,"href":"https:\/\/superoxide-dismutase.eu\/de\/wp-json\/wp\/v2\/users\/1"}],"replies":[{"embeddable":true,"href":"https:\/\/superoxide-dismutase.eu\/de\/wp-json\/wp\/v2\/comments?post=1169"}],"version-history":[{"count":8,"href":"https:\/\/superoxide-dismutase.eu\/de\/wp-json\/wp\/v2\/pages\/1169\/revisions"}],"predecessor-version":[{"id":1178,"href":"https:\/\/superoxide-dismutase.eu\/de\/wp-json\/wp\/v2\/pages\/1169\/revisions\/1178"}],"wp:attachment":[{"href":"https:\/\/superoxide-dismutase.eu\/de\/wp-json\/wp\/v2\/media?parent=1169"}],"curies":[{"name":"wp","href":"https:\/\/api.w.org\/{rel}","templated":true}]}}