{"id":961,"date":"2020-11-19T15:24:28","date_gmt":"2020-11-19T15:24:28","guid":{"rendered":"https:\/\/superoxide-dismutase.eu\/?page_id=961"},"modified":"2021-01-04T14:11:48","modified_gmt":"2021-01-04T14:11:48","slug":"rd-consultancy","status":"publish","type":"page","link":"https:\/\/superoxide-dismutase.eu\/de\/fe-beratung\/","title":{"rendered":"F&amp;E-Beratung"},"content":{"rendered":"<div data-elementor-type=\"wp-page\" data-elementor-id=\"961\" class=\"elementor elementor-961\" data-elementor-post-type=\"page\">\n\t\t\t\t\t\t<section class=\"elementor-section elementor-top-section elementor-element elementor-element-00df7a2 elementor-section-boxed elementor-section-height-default elementor-section-height-default\" data-id=\"00df7a2\" data-element_type=\"section\" data-e-type=\"section\">\n\t\t\t\t\t\t<div class=\"elementor-container elementor-column-gap-default\">\n\t\t\t\t\t<div class=\"elementor-column elementor-col-100 elementor-top-column elementor-element elementor-element-09edfb1\" data-id=\"09edfb1\" data-element_type=\"column\" data-e-type=\"column\">\n\t\t\t<div class=\"elementor-widget-wrap elementor-element-populated\">\n\t\t\t\t\t\t<div class=\"elementor-element elementor-element-71f4815 elementor-widget elementor-widget-spacer\" data-id=\"71f4815\" data-element_type=\"widget\" data-e-type=\"widget\" data-widget_type=\"spacer.default\">\n\t\t\t\t<div class=\"elementor-widget-container\">\n\t\t\t\t\t\t\t<div class=\"elementor-spacer\">\n\t\t\t<div class=\"elementor-spacer-inner\"><\/div>\n\t\t<\/div>\n\t\t\t\t\t\t<\/div>\n\t\t\t\t<\/div>\n\t\t\t\t<div class=\"elementor-element elementor-element-0b4df3f elementor-widget elementor-widget-heading\" data-id=\"0b4df3f\" data-element_type=\"widget\" data-e-type=\"widget\" data-widget_type=\"heading.default\">\n\t\t\t\t<div class=\"elementor-widget-container\">\n\t\t\t\t\t<h2 class=\"elementor-heading-title elementor-size-default\">R&amp;D Consultancy<\/h2>\t\t\t\t<\/div>\n\t\t\t\t<\/div>\n\t\t\t\t<section class=\"elementor-section elementor-inner-section elementor-element elementor-element-ff21a6e elementor-section-boxed elementor-section-height-default elementor-section-height-default\" data-id=\"ff21a6e\" data-element_type=\"section\" data-e-type=\"section\">\n\t\t\t\t\t\t<div class=\"elementor-container elementor-column-gap-default\">\n\t\t\t\t\t<div class=\"elementor-column elementor-col-50 elementor-inner-column elementor-element elementor-element-88565ac\" data-id=\"88565ac\" data-element_type=\"column\" data-e-type=\"column\">\n\t\t\t<div class=\"elementor-widget-wrap elementor-element-populated\">\n\t\t\t\t\t\t<div class=\"elementor-element elementor-element-b5883b7 elementor-widget elementor-widget-text-editor\" data-id=\"b5883b7\" data-element_type=\"widget\" data-e-type=\"widget\" data-widget_type=\"text-editor.default\">\n\t\t\t\t<div class=\"elementor-widget-container\">\n\t\t\t\t\t\t\t\t\t<p>Heutzutage ist Innovation der entscheidende Erfolgsfaktor f\u00fcr ein Unternehmen, vor allem im Bereich Healthcare. Allerdings muss man nicht nur die richtige Idee haben, sondern auch wissen, wie man sie entwickelt. Mit kompetenten Beratern k\u00f6nnen auch kleine und mittlere Unternehmen international wettbewerbsf\u00e4hig werden.<\/p><p>Dank der Professionalit\u00e4t und der in der Branche erworbenen F\u00e4higkeiten ist PhN\u00f3va in der Lage, Unternehmen zu unterst\u00fctzen, die innovative, sichere und qualitativ hochwertige Produkte entwickeln wollen. PhN\u00f3va verf\u00fcgt \u00fcber die Unterst\u00fctzung der besten italienischen Labore, um stets hochwertige Dienstleistungen und Produkte zu garantieren. F\u00fcr jede Idee wird eine individuelle Beratung \u00fcber die modernsten Technologien und die f\u00fcr das Projekt am besten geeigneten technischen und vertrieblichen L\u00f6sungen angeboten.<\/p>\t\t\t\t\t\t\t\t<\/div>\n\t\t\t\t<\/div>\n\t\t\t\t\t<\/div>\n\t\t<\/div>\n\t\t\t\t<div class=\"elementor-column elementor-col-50 elementor-inner-column elementor-element elementor-element-412e586\" data-id=\"412e586\" data-element_type=\"column\" data-e-type=\"column\">\n\t\t\t<div class=\"elementor-widget-wrap elementor-element-populated\">\n\t\t\t\t\t\t<div class=\"elementor-element elementor-element-ec14748 elementor-widget elementor-widget-text-editor\" data-id=\"ec14748\" data-element_type=\"widget\" data-e-type=\"widget\" data-widget_type=\"text-editor.default\">\n\t\t\t\t<div class=\"elementor-widget-container\">\n\t\t\t\t\t\t\t\t\t<iframe width=\"560\" height=\"315\" src=\"https:\/\/www.youtube.com\/embed\/wf8cd81Cw8U\" frameborder=\"0\" allow=\"accelerometer; autoplay; clipboard-write; encrypted-media; gyroscope; picture-in-picture\" allowfullscreen><\/iframe>\t\t\t\t\t\t\t\t<\/div>\n\t\t\t\t<\/div>\n\t\t\t\t\t<\/div>\n\t\t<\/div>\n\t\t\t\t\t<\/div>\n\t\t<\/section>\n\t\t\t\t<div class=\"elementor-element elementor-element-88eb886 elementor-widget elementor-widget-text-editor\" data-id=\"88eb886\" data-element_type=\"widget\" data-e-type=\"widget\" data-widget_type=\"text-editor.default\">\n\t\t\t\t<div class=\"elementor-widget-container\">\n\t\t\t\t\t\t\t\t\t<p>Dar\u00fcber hinaus unterst\u00fctzt PhN\u00f3va Unternehmen bei der Erstellung des gesamten Markenkonzepts, mit der Studie von Logos, Ad-hoc-Webseiten und Pr\u00e4sentationen sowie kundenspezifischen Verpackungen.<\/p><p>Um eine Beratung f\u00fcr die Lohnherstellung von Nahrungserg\u00e4nzungsmitteln und deren Vermarktung anzufordern, f\u00fcllen Sie das Kontaktformular aus, ein Vertreter wird sich schnellstm\u00f6glich mit Ihnen in Verbindung setzen.<\/p>\t\t\t\t\t\t\t\t<\/div>\n\t\t\t\t<\/div>\n\t\t\t\t<div class=\"elementor-element elementor-element-4755e08 elementor--h-position-center elementor--v-position-middle elementor-arrows-position-inside elementor-pagination-position-inside elementor-widget elementor-widget-slides\" data-id=\"4755e08\" data-element_type=\"widget\" data-e-type=\"widget\" data-settings=\"{&quot;autoplay_speed&quot;:1500,&quot;navigation&quot;:&quot;both&quot;,&quot;autoplay&quot;:&quot;yes&quot;,&quot;pause_on_hover&quot;:&quot;yes&quot;,&quot;pause_on_interaction&quot;:&quot;yes&quot;,&quot;infinite&quot;:&quot;yes&quot;,&quot;transition&quot;:&quot;slide&quot;,&quot;transition_speed&quot;:500}\" data-widget_type=\"slides.default\">\n\t\t\t\t<div class=\"elementor-widget-container\">\n\t\t\t\t\t\t\t\t\t<div class=\"elementor-swiper\">\n\t\t\t\t\t<div class=\"elementor-slides-wrapper elementor-main-swiper swiper\" role=\"region\" aria-roledescription=\"carousel\" aria-label=\"Slides\" dir=\"ltr\" data-animation=\"fadeInUp\">\n\t\t\t\t<div class=\"swiper-wrapper elementor-slides\">\n\t\t\t\t\t\t\t\t\t\t<div class=\"elementor-repeater-item-4c472fb swiper-slide\" role=\"group\" aria-roledescription=\"slide\"><div class=\"swiper-slide-bg\" role=\"img\" aria-label=\"SOD-Superoxide-dismutase-105\"><\/div><div class=\"swiper-slide-inner\" ><div class=\"swiper-slide-contents\"><\/div><\/div><\/div><div class=\"elementor-repeater-item-454bccb swiper-slide\" role=\"group\" aria-roledescription=\"slide\"><div class=\"swiper-slide-bg\" role=\"img\" aria-label=\"SOD-Superoxide-dismutase-107\"><\/div><div class=\"swiper-slide-inner\" ><div class=\"swiper-slide-contents\"><\/div><\/div><\/div><div class=\"elementor-repeater-item-893c972 swiper-slide\" role=\"group\" aria-roledescription=\"slide\"><div class=\"swiper-slide-bg\" role=\"img\" aria-label=\"SOD-Superoxide-dismutase-108\"><\/div><div class=\"swiper-slide-inner\" ><div class=\"swiper-slide-contents\"><\/div><\/div><\/div>\t\t\t\t<\/div>\n\t\t\t\t\t\t\t\t\t\t\t\t\t\t\t<div class=\"elementor-swiper-button elementor-swiper-button-prev\" role=\"button\" tabindex=\"0\" aria-label=\"Diapositiva precedente\" data-no-translation-aria-label=\"\">\n\t\t\t\t\t\t\t<i aria-hidden=\"true\" class=\"eicon-chevron-left\"><\/i>\t\t\t\t\t\t<\/div>\n\t\t\t\t\t\t<div class=\"elementor-swiper-button elementor-swiper-button-next\" role=\"button\" tabindex=\"0\" aria-label=\"Prossima diapositiva\" data-no-translation-aria-label=\"\">\n\t\t\t\t\t\t\t<i aria-hidden=\"true\" class=\"eicon-chevron-right\"><\/i>\t\t\t\t\t\t<\/div>\n\t\t\t\t\t\t\t\t\t\t\t\t\t\t\t\t<div class=\"swiper-pagination\"><\/div>\n\t\t\t\t\t\t\t\t\t\t\t\t<\/div>\n\t\t\t\t<\/div>\n\t\t\t\t\t\t\t\t<\/div>\n\t\t\t\t<\/div>\n\t\t\t\t<div class=\"elementor-element elementor-element-f80fe5e elementor-widget-divider--view-line elementor-widget elementor-widget-divider\" data-id=\"f80fe5e\" data-element_type=\"widget\" data-e-type=\"widget\" data-widget_type=\"divider.default\">\n\t\t\t\t<div class=\"elementor-widget-container\">\n\t\t\t\t\t\t\t<div class=\"elementor-divider\">\n\t\t\t<span class=\"elementor-divider-separator\">\n\t\t\t\t\t\t<\/span>\n\t\t<\/div>\n\t\t\t\t\t\t<\/div>\n\t\t\t\t<\/div>\n\t\t\t\t<section class=\"elementor-section elementor-inner-section elementor-element elementor-element-d1c1a8b elementor-section-boxed elementor-section-height-default elementor-section-height-default\" data-id=\"d1c1a8b\" data-element_type=\"section\" data-e-type=\"section\" data-settings=\"{&quot;background_background&quot;:&quot;classic&quot;}\">\n\t\t\t\t\t\t<div class=\"elementor-container elementor-column-gap-default\">\n\t\t\t\t\t<div class=\"elementor-column elementor-col-33 elementor-inner-column elementor-element elementor-element-b039e34\" data-id=\"b039e34\" data-element_type=\"column\" data-e-type=\"column\">\n\t\t\t<div class=\"elementor-widget-wrap\">\n\t\t\t\t\t\t\t<\/div>\n\t\t<\/div>\n\t\t\t\t<div class=\"elementor-column elementor-col-33 elementor-inner-column elementor-element elementor-element-580332d\" data-id=\"580332d\" data-element_type=\"column\" data-e-type=\"column\">\n\t\t\t<div class=\"elementor-widget-wrap elementor-element-populated\">\n\t\t\t\t\t\t<div class=\"elementor-element elementor-element-728846d elementor-widget elementor-widget-heading\" data-id=\"728846d\" data-element_type=\"widget\" data-e-type=\"widget\" data-widget_type=\"heading.default\">\n\t\t\t\t<div class=\"elementor-widget-container\">\n\t\t\t\t\t<h4 class=\"elementor-heading-title elementor-size-default\">Kontakt<\/h4>\t\t\t\t<\/div>\n\t\t\t\t<\/div>\n\t\t\t\t\t<\/div>\n\t\t<\/div>\n\t\t\t\t<div class=\"elementor-column elementor-col-33 elementor-inner-column elementor-element elementor-element-87f5d7c\" data-id=\"87f5d7c\" data-element_type=\"column\" data-e-type=\"column\">\n\t\t\t<div class=\"elementor-widget-wrap\">\n\t\t\t\t\t\t\t<\/div>\n\t\t<\/div>\n\t\t\t\t\t<\/div>\n\t\t<\/section>\n\t\t\t\t\t<\/div>\n\t\t<\/div>\n\t\t\t\t\t<\/div>\n\t\t<\/section>\n\t\t\t\t<section class=\"elementor-section elementor-top-section elementor-element elementor-element-ed4a459 elementor-section-boxed elementor-section-height-default elementor-section-height-default\" data-id=\"ed4a459\" data-element_type=\"section\" data-e-type=\"section\">\n\t\t\t\t\t\t<div class=\"elementor-container elementor-column-gap-default\">\n\t\t\t\t\t<div class=\"elementor-column elementor-col-100 elementor-top-column elementor-element elementor-element-962319c\" data-id=\"962319c\" data-element_type=\"column\" data-e-type=\"column\">\n\t\t\t<div class=\"elementor-widget-wrap elementor-element-populated\">\n\t\t\t\t\t\t<div class=\"elementor-element elementor-element-2b28cea elementor-widget elementor-widget-spacer\" data-id=\"2b28cea\" data-element_type=\"widget\" data-e-type=\"widget\" data-widget_type=\"spacer.default\">\n\t\t\t\t<div class=\"elementor-widget-container\">\n\t\t\t\t\t\t\t<div class=\"elementor-spacer\">\n\t\t\t<div class=\"elementor-spacer-inner\"><\/div>\n\t\t<\/div>\n\t\t\t\t\t\t<\/div>\n\t\t\t\t<\/div>\n\t\t\t\t\t<\/div>\n\t\t<\/div>\n\t\t\t\t\t<\/div>\n\t\t<\/section>\n\t\t\t\t<\/div>","protected":false},"excerpt":{"rendered":"<p>R&#038;D Consultancy Nowadays, innovation is the key success factor for a company, primarily with regard to the Healthcare sector. However, apart from having the right idea, you need to know how to develop it. Relying on expert consultants, even small and medium-sized companies can become competitive internationally. Thanks to the professionalism and skills gained in [&hellip;]<\/p>\n","protected":false},"author":1,"featured_media":0,"parent":0,"menu_order":0,"comment_status":"closed","ping_status":"closed","template":"","meta":{"site-sidebar-layout":"no-sidebar","site-content-layout":"page-builder","ast-site-content-layout":"default","site-content-style":"default","site-sidebar-style":"default","ast-global-header-display":"","ast-banner-title-visibility":"","ast-main-header-display":"","ast-hfb-above-header-display":"","ast-hfb-below-header-display":"","ast-hfb-mobile-header-display":"","site-post-title":"disabled","ast-breadcrumbs-content":"","ast-featured-img":"disabled","footer-sml-layout":"","ast-disable-related-posts":"","theme-transparent-header-meta":"default","adv-header-id-meta":"","stick-header-meta":"","header-above-stick-meta":"","header-main-stick-meta":"","header-below-stick-meta":"","astra-migrate-meta-layouts":"default","ast-page-background-enabled":"default","ast-page-background-meta":{"desktop":{"background-color":"","background-image":"","background-repeat":"repeat","background-position":"center center","background-size":"auto","background-attachment":"scroll","background-type":"","background-media":"","overlay-type":"","overlay-color":"","overlay-opacity":"","overlay-gradient":""},"tablet":{"background-color":"","background-image":"","background-repeat":"repeat","background-position":"center center","background-size":"auto","background-attachment":"scroll","background-type":"","background-media":"","overlay-type":"","overlay-color":"","overlay-opacity":"","overlay-gradient":""},"mobile":{"background-color":"","background-image":"","background-repeat":"repeat","background-position":"center center","background-size":"auto","background-attachment":"scroll","background-type":"","background-media":"","overlay-type":"","overlay-color":"","overlay-opacity":"","overlay-gradient":""}},"ast-content-background-meta":{"desktop":{"background-color":"var(--ast-global-color-5)","background-image":"","background-repeat":"repeat","background-position":"center center","background-size":"auto","background-attachment":"scroll","background-type":"","background-media":"","overlay-type":"","overlay-color":"","overlay-opacity":"","overlay-gradient":""},"tablet":{"background-color":"var(--ast-global-color-5)","background-image":"","background-repeat":"repeat","background-position":"center center","background-size":"auto","background-attachment":"scroll","background-type":"","background-media":"","overlay-type":"","overlay-color":"","overlay-opacity":"","overlay-gradient":""},"mobile":{"background-color":"var(--ast-global-color-5)","background-image":"","background-repeat":"repeat","background-position":"center center","background-size":"auto","background-attachment":"scroll","background-type":"","background-media":"","overlay-type":"","overlay-color":"","overlay-opacity":"","overlay-gradient":""}},"footnotes":""},"class_list":["post-961","page","type-page","status-publish","hentry"],"yoast_head":"<!-- This site is optimized with the Yoast SEO plugin v27.4 - https:\/\/yoast.com\/product\/yoast-seo-wordpress\/ -->\n<title>R&amp;D consultancy - Superoxide Dismutase<\/title>\n<meta name=\"description\" content=\"PhN\u00f3va has the assistance of the best Italian laboratories to guarantee always high-quality services and products.\" \/>\n<meta name=\"robots\" content=\"index, follow, max-snippet:-1, max-image-preview:large, max-video-preview:-1\" \/>\n<link rel=\"canonical\" href=\"https:\/\/superoxide-dismutase.eu\/de\/consulenza-per-la-ricerca-e-lo-sviluppo\/\" \/>\n<meta property=\"og:locale\" content=\"de_DE\" \/>\n<meta property=\"og:type\" content=\"article\" \/>\n<meta property=\"og:title\" content=\"R&amp;D consultancy - Superoxide Dismutase\" \/>\n<meta property=\"og:description\" content=\"PhN\u00f3va has the assistance of the best Italian laboratories to guarantee always high-quality services and products.\" \/>\n<meta property=\"og:url\" content=\"https:\/\/superoxide-dismutase.eu\/de\/consulenza-per-la-ricerca-e-lo-sviluppo\/\" \/>\n<meta property=\"og:site_name\" content=\"Superoxide Dismutase\" \/>\n<meta property=\"article:modified_time\" content=\"2021-01-04T14:11:48+00:00\" \/>\n<meta name=\"twitter:card\" content=\"summary_large_image\" \/>\n<meta name=\"twitter:label1\" content=\"Gesch\u00e4tzte Lesezeit\" \/>\n\t<meta name=\"twitter:data1\" content=\"1\u00a0Minute\" \/>\n<script type=\"application\/ld+json\" class=\"yoast-schema-graph\">{\"@context\":\"https:\\\/\\\/schema.org\",\"@graph\":[{\"@type\":\"WebPage\",\"@id\":\"https:\\\/\\\/superoxide-dismutase.eu\\\/it\\\/consulenza-per-la-ricerca-e-lo-sviluppo\\\/\",\"url\":\"https:\\\/\\\/superoxide-dismutase.eu\\\/it\\\/consulenza-per-la-ricerca-e-lo-sviluppo\\\/\",\"name\":\"R&D consultancy - Superoxide Dismutase\",\"isPartOf\":{\"@id\":\"https:\\\/\\\/superoxide-dismutase.eu\\\/es\\\/#website\"},\"datePublished\":\"2020-11-19T15:24:28+00:00\",\"dateModified\":\"2021-01-04T14:11:48+00:00\",\"description\":\"PhN\u00f3va has the assistance of the best Italian laboratories to guarantee always high-quality services and products.\",\"breadcrumb\":{\"@id\":\"https:\\\/\\\/superoxide-dismutase.eu\\\/it\\\/consulenza-per-la-ricerca-e-lo-sviluppo\\\/#breadcrumb\"},\"inLanguage\":\"de\",\"potentialAction\":[{\"@type\":\"ReadAction\",\"target\":[\"https:\\\/\\\/superoxide-dismutase.eu\\\/it\\\/consulenza-per-la-ricerca-e-lo-sviluppo\\\/\"]}]},{\"@type\":\"BreadcrumbList\",\"@id\":\"https:\\\/\\\/superoxide-dismutase.eu\\\/it\\\/consulenza-per-la-ricerca-e-lo-sviluppo\\\/#breadcrumb\",\"itemListElement\":[{\"@type\":\"ListItem\",\"position\":1,\"name\":\"Home\",\"item\":\"https:\\\/\\\/superoxide-dismutase.eu\\\/\"},{\"@type\":\"ListItem\",\"position\":2,\"name\":\"R&#038;D consultancy\"}]},{\"@type\":\"WebSite\",\"@id\":\"https:\\\/\\\/superoxide-dismutase.eu\\\/es\\\/#website\",\"url\":\"https:\\\/\\\/superoxide-dismutase.eu\\\/es\\\/\",\"name\":\"Superoxide Dismutase\",\"description\":\"Bulk Supplier\",\"publisher\":{\"@id\":\"https:\\\/\\\/superoxide-dismutase.eu\\\/es\\\/#organization\"},\"potentialAction\":[{\"@type\":\"SearchAction\",\"target\":{\"@type\":\"EntryPoint\",\"urlTemplate\":\"https:\\\/\\\/superoxide-dismutase.eu\\\/es\\\/?s={search_term_string}\"},\"query-input\":{\"@type\":\"PropertyValueSpecification\",\"valueRequired\":true,\"valueName\":\"search_term_string\"}}],\"inLanguage\":\"de\"},{\"@type\":\"Organization\",\"@id\":\"https:\\\/\\\/superoxide-dismutase.eu\\\/es\\\/#organization\",\"name\":\"Superoxide Dismutase\",\"url\":\"https:\\\/\\\/superoxide-dismutase.eu\\\/es\\\/\",\"logo\":{\"@type\":\"ImageObject\",\"inLanguage\":\"de\",\"@id\":\"https:\\\/\\\/superoxide-dismutase.eu\\\/es\\\/#\\\/schema\\\/logo\\\/image\\\/\",\"url\":\"https:\\\/\\\/superoxide-dismutase.eu\\\/wp-content\\\/uploads\\\/cropped-PhNova-alta-social.jpg\",\"contentUrl\":\"https:\\\/\\\/superoxide-dismutase.eu\\\/wp-content\\\/uploads\\\/cropped-PhNova-alta-social.jpg\",\"width\":945,\"height\":315,\"caption\":\"Superoxide Dismutase\"},\"image\":{\"@id\":\"https:\\\/\\\/superoxide-dismutase.eu\\\/es\\\/#\\\/schema\\\/logo\\\/image\\\/\"}}]}<\/script>\n<!-- \/ Yoast SEO plugin. -->","yoast_head_json":{"title":"F&amp;E-Beratung - Superoxid-Dismutase","description":"PhN\u00f3va hat die Unterst\u00fctzung der besten italienischen Labors, um immer hochwertige Dienstleistungen und Produkte zu garantieren.","robots":{"index":"index","follow":"follow","max-snippet":"max-snippet:-1","max-image-preview":"max-image-preview:large","max-video-preview":"max-video-preview:-1"},"canonical":"https:\/\/superoxide-dismutase.eu\/de\/consulenza-per-la-ricerca-e-lo-sviluppo\/","og_locale":"de_DE","og_type":"article","og_title":"R&D consultancy - Superoxide Dismutase","og_description":"PhN\u00f3va has the assistance of the best Italian laboratories to guarantee always high-quality services and products.","og_url":"https:\/\/superoxide-dismutase.eu\/de\/consulenza-per-la-ricerca-e-lo-sviluppo\/","og_site_name":"Superoxide Dismutase","article_modified_time":"2021-01-04T14:11:48+00:00","twitter_card":"summary_large_image","twitter_misc":{"Gesch\u00e4tzte Lesezeit":"1\u00a0Minute"},"schema":{"@context":"https:\/\/schema.org","@graph":[{"@type":"WebPage","@id":"https:\/\/superoxide-dismutase.eu\/it\/consulenza-per-la-ricerca-e-lo-sviluppo\/","url":"https:\/\/superoxide-dismutase.eu\/it\/consulenza-per-la-ricerca-e-lo-sviluppo\/","name":"F&amp;E-Beratung - Superoxid-Dismutase","isPartOf":{"@id":"https:\/\/superoxide-dismutase.eu\/es\/#website"},"datePublished":"2020-11-19T15:24:28+00:00","dateModified":"2021-01-04T14:11:48+00:00","description":"PhN\u00f3va hat die Unterst\u00fctzung der besten italienischen Labors, um immer hochwertige Dienstleistungen und Produkte zu garantieren.","breadcrumb":{"@id":"https:\/\/superoxide-dismutase.eu\/it\/consulenza-per-la-ricerca-e-lo-sviluppo\/#breadcrumb"},"inLanguage":"de","potentialAction":[{"@type":"ReadAction","target":["https:\/\/superoxide-dismutase.eu\/it\/consulenza-per-la-ricerca-e-lo-sviluppo\/"]}]},{"@type":"BreadcrumbList","@id":"https:\/\/superoxide-dismutase.eu\/it\/consulenza-per-la-ricerca-e-lo-sviluppo\/#breadcrumb","itemListElement":[{"@type":"ListItem","position":1,"name":"Home","item":"https:\/\/superoxide-dismutase.eu\/"},{"@type":"ListItem","position":2,"name":"R&#038;D consultancy"}]},{"@type":"WebSite","@id":"https:\/\/superoxide-dismutase.eu\/es\/#website","url":"https:\/\/superoxide-dismutase.eu\/es\/","name":"Superoxid-Dismutase","description":"Bulk Supplier","publisher":{"@id":"https:\/\/superoxide-dismutase.eu\/es\/#organization"},"potentialAction":[{"@type":"SearchAction","target":{"@type":"EntryPoint","urlTemplate":"https:\/\/superoxide-dismutase.eu\/es\/?s={search_term_string}"},"query-input":{"@type":"PropertyValueSpecification","valueRequired":true,"valueName":"search_term_string"}}],"inLanguage":"de"},{"@type":"Organization","@id":"https:\/\/superoxide-dismutase.eu\/es\/#organization","name":"Superoxid-Dismutase","url":"https:\/\/superoxide-dismutase.eu\/es\/","logo":{"@type":"ImageObject","inLanguage":"de","@id":"https:\/\/superoxide-dismutase.eu\/es\/#\/schema\/logo\/image\/","url":"https:\/\/superoxide-dismutase.eu\/wp-content\/uploads\/cropped-PhNova-alta-social.jpg","contentUrl":"https:\/\/superoxide-dismutase.eu\/wp-content\/uploads\/cropped-PhNova-alta-social.jpg","width":945,"height":315,"caption":"Superoxide Dismutase"},"image":{"@id":"https:\/\/superoxide-dismutase.eu\/es\/#\/schema\/logo\/image\/"}}]}},"_links":{"self":[{"href":"https:\/\/superoxide-dismutase.eu\/de\/wp-json\/wp\/v2\/pages\/961","targetHints":{"allow":["GET"]}}],"collection":[{"href":"https:\/\/superoxide-dismutase.eu\/de\/wp-json\/wp\/v2\/pages"}],"about":[{"href":"https:\/\/superoxide-dismutase.eu\/de\/wp-json\/wp\/v2\/types\/page"}],"author":[{"embeddable":true,"href":"https:\/\/superoxide-dismutase.eu\/de\/wp-json\/wp\/v2\/users\/1"}],"replies":[{"embeddable":true,"href":"https:\/\/superoxide-dismutase.eu\/de\/wp-json\/wp\/v2\/comments?post=961"}],"version-history":[{"count":50,"href":"https:\/\/superoxide-dismutase.eu\/de\/wp-json\/wp\/v2\/pages\/961\/revisions"}],"predecessor-version":[{"id":1524,"href":"https:\/\/superoxide-dismutase.eu\/de\/wp-json\/wp\/v2\/pages\/961\/revisions\/1524"}],"wp:attachment":[{"href":"https:\/\/superoxide-dismutase.eu\/de\/wp-json\/wp\/v2\/media?parent=961"}],"curies":[{"name":"wp","href":"https:\/\/api.w.org\/{rel}","templated":true}]}}